{"id":93,"date":"2025-02-25T17:50:10","date_gmt":"2025-02-25T17:50:10","guid":{"rendered":"https:\/\/coastaway.pl\/?page_id=93"},"modified":"2025-02-25T20:39:51","modified_gmt":"2025-02-25T20:39:51","slug":"klub","status":"publish","type":"page","link":"https:\/\/coastaway.pl\/index.php\/klub\/","title":{"rendered":"Klub"},"content":{"rendered":"\n<p>Celem klubu jest budowanie spo\u0142eczno\u015bci ludzi z pasj\u0105 do podr\u00f3\u017cowania, zdobywania wiedzy i nowych umiej\u0119tno\u015bci. Tworzymy przestrze\u0144 do nawi\u0105zywania relacji, wymiany do\u015bwiadcze\u0144 i przede wszystkim \u2013 organizowania wsp\u00f3lnych wypraw. Prze\u017cyj z nami niezapomniane przygody!<\/p>\n\n\n\n<p><\/p>\n","protected":false},"excerpt":{"rendered":"<p>Celem klubu jest budowanie spo\u0142eczno\u015bci ludzi z pasj\u0105 do podr\u00f3\u017cowania, zdobywania wiedzy i nowych umiej\u0119tno\u015bci. Tworzymy przestrze\u0144 do nawi\u0105zywania relacji, wymiany do\u015bwiadcze\u0144 i przede wszystkim \u2013 organizowania wsp\u00f3lnych wypraw. Prze\u017cyj z nami niezapomniane przygody!<\/p>\n","protected":false},"author":1,"featured_media":0,"parent":0,"menu_order":0,"comment_status":"closed","ping_status":"closed","template":"","meta":{"footnotes":""},"class_list":["post-93","page","type-page","status-publish","hentry"],"_links":{"self":[{"href":"https:\/\/coastaway.pl\/index.php\/wp-json\/wp\/v2\/pages\/93","targetHints":{"allow":["GET"]}}],"collection":[{"href":"https:\/\/coastaway.pl\/index.php\/wp-json\/wp\/v2\/pages"}],"about":[{"href":"https:\/\/coastaway.pl\/index.php\/wp-json\/wp\/v2\/types\/page"}],"author":[{"embeddable":true,"href":"https:\/\/coastaway.pl\/index.php\/wp-json\/wp\/v2\/users\/1"}],"replies":[{"embeddable":true,"href":"https:\/\/coastaway.pl\/index.php\/wp-json\/wp\/v2\/comments?post=93"}],"version-history":[{"count":4,"href":"https:\/\/coastaway.pl\/index.php\/wp-json\/wp\/v2\/pages\/93\/revisions"}],"predecessor-version":[{"id":136,"href":"https:\/\/coastaway.pl\/index.php\/wp-json\/wp\/v2\/pages\/93\/revisions\/136"}],"wp:attachment":[{"href":"https:\/\/coastaway.pl\/index.php\/wp-json\/wp\/v2\/media?parent=93"}],"curies":[{"name":"wp","href":"https:\/\/api.w.org\/{rel}","templated":true}]}}