{"id":8,"date":"2025-02-25T12:58:44","date_gmt":"2025-02-25T12:58:44","guid":{"rendered":"https:\/\/coastaway.pl\/?page_id=8"},"modified":"2025-11-16T09:06:27","modified_gmt":"2025-11-16T09:06:27","slug":"coastaway","status":"publish","type":"page","link":"https:\/\/coastaway.pl\/","title":{"rendered":"CoastAway"},"content":{"rendered":"\n<p>Przygoda dla ludzi z pasj\u0105 do podr\u00f3\u017cowania.<\/p>\n\n\n\n<p><\/p>\n","protected":false},"excerpt":{"rendered":"<p>Przygoda dla ludzi z pasj\u0105 do podr\u00f3\u017cowania.<\/p>\n","protected":false},"author":1,"featured_media":0,"parent":0,"menu_order":0,"comment_status":"closed","ping_status":"closed","template":"","meta":{"footnotes":""},"class_list":["post-8","page","type-page","status-publish","hentry"],"_links":{"self":[{"href":"https:\/\/coastaway.pl\/index.php\/wp-json\/wp\/v2\/pages\/8","targetHints":{"allow":["GET"]}}],"collection":[{"href":"https:\/\/coastaway.pl\/index.php\/wp-json\/wp\/v2\/pages"}],"about":[{"href":"https:\/\/coastaway.pl\/index.php\/wp-json\/wp\/v2\/types\/page"}],"author":[{"embeddable":true,"href":"https:\/\/coastaway.pl\/index.php\/wp-json\/wp\/v2\/users\/1"}],"replies":[{"embeddable":true,"href":"https:\/\/coastaway.pl\/index.php\/wp-json\/wp\/v2\/comments?post=8"}],"version-history":[{"count":12,"href":"https:\/\/coastaway.pl\/index.php\/wp-json\/wp\/v2\/pages\/8\/revisions"}],"predecessor-version":[{"id":325,"href":"https:\/\/coastaway.pl\/index.php\/wp-json\/wp\/v2\/pages\/8\/revisions\/325"}],"wp:attachment":[{"href":"https:\/\/coastaway.pl\/index.php\/wp-json\/wp\/v2\/media?parent=8"}],"curies":[{"name":"wp","href":"https:\/\/api.w.org\/{rel}","templated":true}]}}