{"id":58,"date":"2025-02-25T17:10:55","date_gmt":"2025-02-25T17:10:55","guid":{"rendered":"https:\/\/coastaway.pl\/?page_id=58"},"modified":"2025-02-25T19:54:27","modified_gmt":"2025-02-25T19:54:27","slug":"rejsy","status":"publish","type":"page","link":"https:\/\/coastaway.pl\/index.php\/rejsy\/","title":{"rendered":"Rejsy"},"content":{"rendered":"\n<p><\/p>\n\n\n\n<p><strong>CHORWACJA<\/strong><\/p>\n\n\n\n<figure class=\"wp-block-image size-large\"><img loading=\"lazy\" decoding=\"async\" width=\"768\" height=\"1024\" src=\"https:\/\/coastaway.pl\/wp-content\/uploads\/2025\/02\/KORNATY-768x1024.jpg\" alt=\"\" class=\"wp-image-107\" srcset=\"https:\/\/coastaway.pl\/wp-content\/uploads\/2025\/02\/KORNATY-768x1024.jpg 768w, https:\/\/coastaway.pl\/wp-content\/uploads\/2025\/02\/KORNATY-225x300.jpg 225w, https:\/\/coastaway.pl\/wp-content\/uploads\/2025\/02\/KORNATY-1152x1536.jpg 1152w, https:\/\/coastaway.pl\/wp-content\/uploads\/2025\/02\/KORNATY.jpg 1500w\" sizes=\"auto, (max-width: 767px) 89vw, (max-width: 1000px) 54vw, (max-width: 1071px) 543px, 580px\" \/><\/figure>\n\n\n\n<p>Park narodowy Kornati<\/p>\n\n\n\n<p><strong>WYSPY LIPARYJSKIE<\/strong><\/p>\n\n\n\n<figure class=\"wp-block-image size-large\"><img loading=\"lazy\" decoding=\"async\" width=\"1024\" height=\"614\" src=\"https:\/\/coastaway.pl\/wp-content\/uploads\/2025\/02\/lipary2-1-1024x614.jpg\" alt=\"\" class=\"wp-image-91\" srcset=\"https:\/\/coastaway.pl\/wp-content\/uploads\/2025\/02\/lipary2-1-1024x614.jpg 1024w, https:\/\/coastaway.pl\/wp-content\/uploads\/2025\/02\/lipary2-1-300x180.jpg 300w, https:\/\/coastaway.pl\/wp-content\/uploads\/2025\/02\/lipary2-1-768x461.jpg 768w, https:\/\/coastaway.pl\/wp-content\/uploads\/2025\/02\/lipary2-1-1536x922.jpg 1536w, https:\/\/coastaway.pl\/wp-content\/uploads\/2025\/02\/lipary2-1.jpg 2000w\" sizes=\"auto, (max-width: 767px) 89vw, (max-width: 1000px) 54vw, (max-width: 1071px) 543px, 580px\" \/><\/figure>\n\n\n\n<p>Archipelag wysp aktywnych wulkan\u00f3w!   <\/p>\n\n\n\n<p><strong>GRECJA<\/strong><\/p>\n\n\n\n<figure class=\"wp-block-image size-large\"><img loading=\"lazy\" decoding=\"async\" width=\"768\" height=\"1024\" src=\"https:\/\/coastaway.pl\/wp-content\/uploads\/2025\/02\/GRECJA2-768x1024.jpg\" alt=\"\" class=\"wp-image-116\" srcset=\"https:\/\/coastaway.pl\/wp-content\/uploads\/2025\/02\/GRECJA2-768x1024.jpg 768w, https:\/\/coastaway.pl\/wp-content\/uploads\/2025\/02\/GRECJA2-225x300.jpg 225w, https:\/\/coastaway.pl\/wp-content\/uploads\/2025\/02\/GRECJA2-1152x1536.jpg 1152w, https:\/\/coastaway.pl\/wp-content\/uploads\/2025\/02\/GRECJA2.jpg 1500w\" sizes=\"auto, (max-width: 767px) 89vw, (max-width: 1000px) 54vw, (max-width: 1071px) 543px, 580px\" \/><\/figure>\n\n\n\n<p>Poros<\/p>\n\n\n\n<p><strong>BALEARY<\/strong><\/p>\n\n\n\n<figure class=\"wp-block-image size-large\"><img loading=\"lazy\" decoding=\"async\" width=\"768\" height=\"1024\" src=\"https:\/\/coastaway.pl\/wp-content\/uploads\/2025\/02\/BALEARY-768x1024.jpg\" alt=\"\" class=\"wp-image-103\" srcset=\"https:\/\/coastaway.pl\/wp-content\/uploads\/2025\/02\/BALEARY-768x1024.jpg 768w, https:\/\/coastaway.pl\/wp-content\/uploads\/2025\/02\/BALEARY-225x300.jpg 225w, https:\/\/coastaway.pl\/wp-content\/uploads\/2025\/02\/BALEARY-1152x1536.jpg 1152w, https:\/\/coastaway.pl\/wp-content\/uploads\/2025\/02\/BALEARY.jpg 1500w\" sizes=\"auto, (max-width: 767px) 89vw, (max-width: 1000px) 54vw, (max-width: 1071px) 543px, 580px\" \/><\/figure>\n\n\n\n<p>\u015alicznie, tak by\u0142o \ud83d\ude42 <\/p>\n\n\n\n<p><strong>WYSPY KANARYJSKIE<\/strong><\/p>\n\n\n\n<figure class=\"wp-block-image size-large\"><img loading=\"lazy\" decoding=\"async\" width=\"768\" height=\"1024\" src=\"https:\/\/coastaway.pl\/wp-content\/uploads\/2025\/02\/KANARY-768x1024.jpg\" alt=\"\" class=\"wp-image-105\" srcset=\"https:\/\/coastaway.pl\/wp-content\/uploads\/2025\/02\/KANARY-768x1024.jpg 768w, https:\/\/coastaway.pl\/wp-content\/uploads\/2025\/02\/KANARY-225x300.jpg 225w, https:\/\/coastaway.pl\/wp-content\/uploads\/2025\/02\/KANARY-1152x1536.jpg 1152w, https:\/\/coastaway.pl\/wp-content\/uploads\/2025\/02\/KANARY.jpg 1500w\" sizes=\"auto, (max-width: 767px) 89vw, (max-width: 1000px) 54vw, (max-width: 1071px) 543px, 580px\" \/><\/figure>\n\n\n\n<p>Rekiny jad\u0142y nam z r\u0119ki \ud83d\ude42 <\/p>\n\n\n\n<p><\/p>\n","protected":false},"excerpt":{"rendered":"<p>CHORWACJA Park narodowy Kornati WYSPY LIPARYJSKIE Archipelag wysp aktywnych wulkan\u00f3w! GRECJA Poros BALEARY \u015alicznie, tak by\u0142o \ud83d\ude42 WYSPY KANARYJSKIE Rekiny jad\u0142y nam z r\u0119ki \ud83d\ude42<\/p>\n","protected":false},"author":1,"featured_media":0,"parent":0,"menu_order":0,"comment_status":"closed","ping_status":"closed","template":"","meta":{"footnotes":""},"class_list":["post-58","page","type-page","status-publish","hentry"],"_links":{"self":[{"href":"https:\/\/coastaway.pl\/index.php\/wp-json\/wp\/v2\/pages\/58","targetHints":{"allow":["GET"]}}],"collection":[{"href":"https:\/\/coastaway.pl\/index.php\/wp-json\/wp\/v2\/pages"}],"about":[{"href":"https:\/\/coastaway.pl\/index.php\/wp-json\/wp\/v2\/types\/page"}],"author":[{"embeddable":true,"href":"https:\/\/coastaway.pl\/index.php\/wp-json\/wp\/v2\/users\/1"}],"replies":[{"embeddable":true,"href":"https:\/\/coastaway.pl\/index.php\/wp-json\/wp\/v2\/comments?post=58"}],"version-history":[{"count":9,"href":"https:\/\/coastaway.pl\/index.php\/wp-json\/wp\/v2\/pages\/58\/revisions"}],"predecessor-version":[{"id":117,"href":"https:\/\/coastaway.pl\/index.php\/wp-json\/wp\/v2\/pages\/58\/revisions\/117"}],"wp:attachment":[{"href":"https:\/\/coastaway.pl\/index.php\/wp-json\/wp\/v2\/media?parent=58"}],"curies":[{"name":"wp","href":"https:\/\/api.w.org\/{rel}","templated":true}]}}