{"id":55,"date":"2025-02-25T17:10:54","date_gmt":"2025-02-25T17:10:54","guid":{"rendered":"https:\/\/coastaway.pl\/?page_id=55"},"modified":"2025-11-16T10:01:09","modified_gmt":"2025-11-16T10:01:09","slug":"przygotowanie-do-rejsu","status":"publish","type":"page","link":"https:\/\/coastaway.pl\/index.php\/przygotowanie-do-rejsu\/","title":{"rendered":"Przygotowanie do rejsu"},"content":{"rendered":"\n<p><strong>Jak si\u0119 spakowa\u0107?&nbsp;<\/strong><\/p>\n\n\n\n<p>Torba &#8211; nale\u017cy si\u0119 spakowa\u0107 w mi\u0119kk\u0105 torb\u0119, kt\u00f3r\u0105 mo\u017cemy z\u0142o\u017cy\u0107 i schowa\u0107, nie bierzemy twardych walizek je\u015bli nie chcemy spa\u0107 z nimi w \u0142\u00f3\u017cku. Na pok\u0142adzie mamy ograniczon\u0105 przestrze\u0144, zwykle w kajucie jest ma\u0142a szafka i kilka p\u00f3\u0142ek.<\/p>\n\n\n\n<p><strong>Co zabra\u0107?<\/strong><\/p>\n\n\n\n<p>Buty<strong> <\/strong>&#8211; warto zaopatrzy\u0107 si\u0119 w buty \u017ceglarskie,  mo\u017cna te\u017c z powodzeniem u\u017cywa\u0107 standardowe obuwie sportowe je\u017celi spe\u0142nia nast\u0119puj\u0105ce kryteria: bardzo wa\u017cna jest dobra <strong>przyczepno\u015b\u0107 na mokrej powierzchni!<\/strong> mo\u017cna to sprawdzi\u0107 w wannie:) <strong>Jasna podeszwa<\/strong> lub taka kt\u00f3ra nie pozostawi \u015blad\u00f3w, mo\u017cna to sprawdzi\u0107 pr\u00f3buj\u0105c zarysowa\u0107 kartk\u0119 papieru kraw\u0119dzi\u0105 podeszwy.<\/p>\n\n\n\n<p>Czapka z daszkiem, kapelusz &#8211; na morzu s\u0142o\u0144ce mocno operuje nale\u017cy zadba\u0107 o ochron\u0119.&nbsp;&nbsp;<\/p>\n\n\n\n<p>Czapka we\u0142niana &#8211; wieczorem mo\u017ce by\u0107 ch\u0142odniej warto mie\u0107 cieplejsze okrycie g\u0142owy&nbsp;&nbsp;<\/p>\n\n\n\n<p>Kurtka nieprzemakalna, nieprzewiewna &#8211; latem na otwartym morzu wiatr bywa przenikliwy.&nbsp;&nbsp;<\/p>\n\n\n\n<p>Spodnie d\u0142ugie \u017ceglarskie lub trekingowe<\/p>\n\n\n\n<p>Ciep\u0142a bluza<\/p>\n\n\n\n<p>Kr\u00f3tkie spodenki<\/p>\n\n\n\n<p>Str\u00f3j, r\u0119cznik k\u0105pielowy&nbsp;<\/p>\n\n\n\n<p>Klapki najka &#8211; do latania<\/p>\n\n\n\n<p>Okulary przeciws\u0142oneczne&nbsp;&nbsp;&nbsp;<\/p>\n\n\n\n<p>Krem do opalania&nbsp;<\/p>\n\n\n\n<p>Lekarstwa, na chorob\u0119 morsk\u0105 dzia\u0142 Cinnazrizinum<\/p>\n\n\n\n<p>Power bank- zatrzymuj\u0105c si\u0119 w porcie cz\u0119sto dostarczony jest pr\u0105d 220v ale nie zawsze&nbsp;<\/p>\n\n\n\n<p>Czo\u0142\u00f3wka &#8211; W jachcie znajduje si\u0119 o\u015bwietlenie ale mo\u017ce si\u0119 zdarzy\u0107, \u017ce b\u0119dziemy musieli  wykona\u0107 czynno\u015bci w nocy na pok\u0142adzie i warto mie\u0107 czo\u0142\u00f3wk\u0119.<\/p>\n\n\n\n<p><strong>Zasady obowi\u0105zuj\u0105ce na jachcie.<\/strong><\/p>\n\n\n\n<p>&#8211; BHP, czysto\u015b\u0107, zachowanie porz\u0105dku to jest bardzo wa\u017cne, uk\u0142adamy wszystko na swoje miejsce, myjemy naczynia po sobie <\/p>\n\n\n\n<p><\/p>\n\n\n\n<p>Nie gwi\u017cd\u017cemy.<\/p>\n\n\n\n<p>&#8211; Nosimy buty podczas manewr\u00f3w<\/p>\n\n\n\n<p>&#8211; Podczas manewr\u00f3w zachowujemy cisz\u0119, siedzimy w kokpicie, czekamy w gotowo\u015bci na komendy.\u00a0<\/p>\n\n\n\n<p>&#8211; odpowiadanie na komendy g\u0142o\u015bno w stron\u0119 Kapitana\u00a0<\/p>\n\n\n\n<p>&#8211; uwaga na inne jednostki&nbsp;<\/p>\n\n\n\n<p>&#8211; uprzejmo\u015b\u0107 200%<\/p>\n\n\n\n<p>&#8211; cuma na biegowo<\/p>\n\n\n\n<p><strong>Wachty kambuzowe<\/strong><\/p>\n\n\n\n<p>Podczas rejsu odbywa si\u0119 konkurs master Chef :), ka\u017cdy b\u0119dzie mia\u0142 przyjemno\u015b\u0107 przygotowa\u0107 dla wszystkich co\u015b smacznego \ud83d\ude42<\/p>\n\n\n\n<p>Dzielimy si\u0119 na pary, w ustalonym dniu wybrana para przygotowuje posi\u0142ki dla ca\u0142ej za\u0142ogi. <\/p>\n\n\n\n<p>Dla bezpiecze\u0144stwa przed przygotowaniem posi\u0142ku dok\u0142adnie myjemy r\u0119ce i produkty <\/p>\n\n\n\n<p><strong>\u015bniadanie<\/strong> jemy zwykle przed wyp\u0142yni\u0119ciem<\/p>\n\n\n\n<p>w trakcie rejsu podawane jest jeden lub dwa proste, syc\u0105ce posi\u0142ki, przek\u0105ski, owoce kawa&#8230;  <\/p>\n\n\n\n<p><strong>obiad<\/strong> &#8211; po dop\u0142yni\u0119ciu na miejsce, przygotowujemy gotowany, g\u0142\u00f3wny posi\u0142ek.<\/p>\n\n\n\n<p>Wachta odpowiedzialna jest za przygotowanie i podanie posi\u0142ku ale bardzo mile widziane jest pomoc za\u0142ogi np. przy nakrywaniu sto\u0142u i sprz\u0105taniu. <\/p>\n\n\n\n<p>Do dyspozycji mamy dobrze wyposa\u017con\u0105 kuchni\u0119, kuchenk\u0119 gazow\u0105 z 4 palnikami, piekarnik, du\u017c\u0105 lod\u00f3wk\u0119, cz\u0119sto nawet dwie, zamra\u017cark\u0119, kawiark\u0119, komplet garnk\u00f3w, naczy\u0144 itp.<\/p>\n\n\n\n<p><strong>Przywileje i obowi\u0105zki <\/strong><\/p>\n\n\n\n<p><\/p>\n","protected":false},"excerpt":{"rendered":"<p>Jak si\u0119 spakowa\u0107?&nbsp; Torba &#8211; nale\u017cy si\u0119 spakowa\u0107 w mi\u0119kk\u0105 torb\u0119, kt\u00f3r\u0105 mo\u017cemy z\u0142o\u017cy\u0107 i schowa\u0107, nie bierzemy twardych walizek je\u015bli nie chcemy spa\u0107 z nimi w \u0142\u00f3\u017cku. Na pok\u0142adzie mamy ograniczon\u0105 przestrze\u0144, zwykle w kajucie jest ma\u0142a szafka i kilka p\u00f3\u0142ek. Co zabra\u0107? Buty &#8211; warto zaopatrzy\u0107 si\u0119 w buty \u017ceglarskie, mo\u017cna te\u017c z &hellip; <\/p>\n<p class=\"link-more\"><a href=\"https:\/\/coastaway.pl\/index.php\/przygotowanie-do-rejsu\/\" class=\"more-link\">Continue reading<span class=\"screen-reader-text\"> &#8220;Przygotowanie do rejsu&#8221;<\/span><\/a><\/p>\n","protected":false},"author":1,"featured_media":0,"parent":0,"menu_order":0,"comment_status":"closed","ping_status":"closed","template":"","meta":{"footnotes":""},"class_list":["post-55","page","type-page","status-publish","hentry"],"_links":{"self":[{"href":"https:\/\/coastaway.pl\/index.php\/wp-json\/wp\/v2\/pages\/55","targetHints":{"allow":["GET"]}}],"collection":[{"href":"https:\/\/coastaway.pl\/index.php\/wp-json\/wp\/v2\/pages"}],"about":[{"href":"https:\/\/coastaway.pl\/index.php\/wp-json\/wp\/v2\/types\/page"}],"author":[{"embeddable":true,"href":"https:\/\/coastaway.pl\/index.php\/wp-json\/wp\/v2\/users\/1"}],"replies":[{"embeddable":true,"href":"https:\/\/coastaway.pl\/index.php\/wp-json\/wp\/v2\/comments?post=55"}],"version-history":[{"count":12,"href":"https:\/\/coastaway.pl\/index.php\/wp-json\/wp\/v2\/pages\/55\/revisions"}],"predecessor-version":[{"id":332,"href":"https:\/\/coastaway.pl\/index.php\/wp-json\/wp\/v2\/pages\/55\/revisions\/332"}],"wp:attachment":[{"href":"https:\/\/coastaway.pl\/index.php\/wp-json\/wp\/v2\/media?parent=55"}],"curies":[{"name":"wp","href":"https:\/\/api.w.org\/{rel}","templated":true}]}}