{"id":150,"date":"2025-02-26T07:41:14","date_gmt":"2025-02-26T07:41:14","guid":{"rendered":"https:\/\/coastaway.pl\/?page_id=150"},"modified":"2025-09-20T14:48:13","modified_gmt":"2025-09-20T14:48:13","slug":"wyspy-kanaryjskie","status":"publish","type":"page","link":"https:\/\/coastaway.pl\/index.php\/wyspy-kanaryjskie\/","title":{"rendered":"Wyspy Kanaryjskie"},"content":{"rendered":"\n<p>Podczas rejsu wok\u00f3\u0142 wysp Kanaryjskich mo\u017cna spotka\u0107 jego majestatycznych mieszka\u0144c\u00f3w \u2013 stada grindwali, kt\u00f3re lubi\u0105 pojawia\u0107 si\u0119 w tych wodach, a tak\u017ce delfiny, kt\u00f3re z rado\u015bci\u0105 wp\u0142ywaj\u0105 w fale dziobowe jachtu i przez d\u0142ugie chwile towarzysz\u0105 \u017ceglarzom. Nie brakuje r\u00f3wnie\u017c tu\u0144czyk\u00f3w \u017c\u00f3\u0142wi morskich ryb lataj\u0105cych, kt\u00f3re potrafi\u0105 zaskoczy\u0107 swoj\u0105 energi\u0105. Widok tych stworze\u0144 w ich naturalnym \u015brodowisku to co\u015b, co pozostaje w pami\u0119ci na zawsze.<\/p>\n\n\n\n<figure class=\"wp-block-image size-large\"><img loading=\"lazy\" decoding=\"async\" width=\"1024\" height=\"768\" src=\"https:\/\/coastaway.pl\/wp-content\/uploads\/2025\/09\/kanary_grindwale-1024x768.jpg\" alt=\"\" class=\"wp-image-308\" srcset=\"https:\/\/coastaway.pl\/wp-content\/uploads\/2025\/09\/kanary_grindwale-1024x768.jpg 1024w, https:\/\/coastaway.pl\/wp-content\/uploads\/2025\/09\/kanary_grindwale-300x225.jpg 300w, https:\/\/coastaway.pl\/wp-content\/uploads\/2025\/09\/kanary_grindwale-768x576.jpg 768w, https:\/\/coastaway.pl\/wp-content\/uploads\/2025\/09\/kanary_grindwale-1536x1152.jpg 1536w, https:\/\/coastaway.pl\/wp-content\/uploads\/2025\/09\/kanary_grindwale.jpg 2000w\" sizes=\"auto, (max-width: 767px) 89vw, (max-width: 1000px) 54vw, (max-width: 1071px) 543px, 580px\" \/><\/figure>\n\n\n\n<p>\u017beglowanie po Atlantyku budzi respekt \u2013 ocean potrafi pokaza\u0107 swoj\u0105 pot\u0119g\u0119, a zmienne wiatry i kilkumetrowe fale ucz\u0105 pokory. Jednocze\u015bnie to do\u015bwiadczenie urzeka poczuciem wolno\u015bci, bezkresny horyzont, tylko niebo i woda, kt\u00f3re \u0142\u0105cz\u0105 si\u0119 w jedn\u0105, przestrze\u0144.<\/p>\n\n\n\n<p>To w\u0142a\u015bnie ta niesko\u0144czono\u015b\u0107, spleciona z rytmem fal i koj\u0105cym szumem wiatru, wprowadza cz\u0142owieka w stan ukojenia, jakby czas zwalnia\u0142 \u2013 to chwile przypominaj\u0105ce medytacj\u0119, w kt\u00f3rych mo\u017cna po prostu by\u0107 i ch\u0142on\u0105\u0107 pi\u0119kno \u015bwiata.<\/p>\n\n\n\n<figure class=\"wp-block-image size-large\"><img loading=\"lazy\" decoding=\"async\" width=\"768\" height=\"1024\" src=\"https:\/\/coastaway.pl\/wp-content\/uploads\/2025\/02\/KANARY-768x1024.jpg\" alt=\"\" class=\"wp-image-105\" srcset=\"https:\/\/coastaway.pl\/wp-content\/uploads\/2025\/02\/KANARY-768x1024.jpg 768w, https:\/\/coastaway.pl\/wp-content\/uploads\/2025\/02\/KANARY-225x300.jpg 225w, https:\/\/coastaway.pl\/wp-content\/uploads\/2025\/02\/KANARY-1152x1536.jpg 1152w, https:\/\/coastaway.pl\/wp-content\/uploads\/2025\/02\/KANARY.jpg 1500w\" sizes=\"auto, (max-width: 767px) 89vw, (max-width: 1000px) 54vw, (max-width: 1071px) 543px, 580px\" \/><\/figure>\n\n\n\n<p>Ka\u017cdy dzie\u0144 na jachcie jest inny. Raz mo\u017cna podziwia\u0107 spokojne wschody s\u0142o\u0144ca nad Teide, innym razem nocne niebo roz\u015bwietlone milionami gwiazd, kt\u00f3re wydaj\u0105 si\u0119 zawieszone tu\u017c nad masztem. To wyj\u0105tkowe chwile, gdy czuje si\u0119 jedno\u015b\u0107 z natur\u0105 bez po\u015bpiechu, w pe\u0142nej autentyczno\u015bci.<\/p>\n\n\n\n<figure class=\"wp-block-gallery has-nested-images columns-default is-cropped wp-block-gallery-1 is-layout-flex wp-block-gallery-is-layout-flex\"><\/figure>\n\n\n\n<p>Wyspy Kanaryjskie, cho\u0107 od lat znane turystom, z perspektywy morza ukazuj\u0105 zupe\u0142nie inne oblicze. Klify, wulkaniczne wybrze\u017ca, ma\u0142e zatoki i ukryte pla\u017ce tworz\u0105 krajobrazy, kt\u00f3re zachwycaj\u0105 dziko\u015bci\u0105 i surowym pi\u0119knem. Po dniu sp\u0119dzonym na \u017ceglowaniu mo\u017cna zacumowa\u0107 w urokliwych portach, poczu\u0107 lokalny klimat, spr\u00f3bowa\u0107 \u015bwie\u017cych owoc\u00f3w morza i wina z wulkanicznych winnic.<\/p>\n\n\n\n<figure class=\"wp-block-image size-large\"><img loading=\"lazy\" decoding=\"async\" width=\"768\" height=\"1024\" src=\"https:\/\/coastaway.pl\/wp-content\/uploads\/2025\/09\/kanary_tunczyk-768x1024.jpg\" alt=\"\" class=\"wp-image-306\" srcset=\"https:\/\/coastaway.pl\/wp-content\/uploads\/2025\/09\/kanary_tunczyk-768x1024.jpg 768w, https:\/\/coastaway.pl\/wp-content\/uploads\/2025\/09\/kanary_tunczyk-225x300.jpg 225w, https:\/\/coastaway.pl\/wp-content\/uploads\/2025\/09\/kanary_tunczyk-1152x1536.jpg 1152w, https:\/\/coastaway.pl\/wp-content\/uploads\/2025\/09\/kanary_tunczyk-1536x2048.jpg 1536w, https:\/\/coastaway.pl\/wp-content\/uploads\/2025\/09\/kanary_tunczyk-scaled.jpg 1920w\" sizes=\"auto, (max-width: 767px) 89vw, (max-width: 1000px) 54vw, (max-width: 1071px) 543px, 580px\" \/><\/figure>\n\n\n\n<p>\u017beglarstwo wok\u00f3\u0142 Wysp Kanaryjskich to podr\u00f3\u017c, kt\u00f3ra \u0142\u0105czy w sobie przygod\u0119, kontakt z natur\u0105 i momenty prawdziwego zachwytu. To czas, kiedy ocean przypomina o swojej sile, ale i obdarza tym, co w nim najpi\u0119kniejsze \u2013 wolno\u015bci\u0105, przestrzeni\u0105 i spokojem. To do\u015bwiadczenie, kt\u00f3re zostaje w sercu na zawsze.<\/p>\n\n\n\n<p><\/p>\n","protected":false},"excerpt":{"rendered":"<p>Podczas rejsu wok\u00f3\u0142 wysp Kanaryjskich mo\u017cna spotka\u0107 jego majestatycznych mieszka\u0144c\u00f3w \u2013 stada grindwali, kt\u00f3re lubi\u0105 pojawia\u0107 si\u0119 w tych wodach, a tak\u017ce delfiny, kt\u00f3re z rado\u015bci\u0105 wp\u0142ywaj\u0105 w fale dziobowe jachtu i przez d\u0142ugie chwile towarzysz\u0105 \u017ceglarzom. Nie brakuje r\u00f3wnie\u017c tu\u0144czyk\u00f3w \u017c\u00f3\u0142wi morskich ryb lataj\u0105cych, kt\u00f3re potrafi\u0105 zaskoczy\u0107 swoj\u0105 energi\u0105. Widok tych stworze\u0144 w ich &hellip; <\/p>\n<p class=\"link-more\"><a href=\"https:\/\/coastaway.pl\/index.php\/wyspy-kanaryjskie\/\" class=\"more-link\">Continue reading<span class=\"screen-reader-text\"> &#8220;Wyspy Kanaryjskie&#8221;<\/span><\/a><\/p>\n","protected":false},"author":1,"featured_media":0,"parent":0,"menu_order":0,"comment_status":"closed","ping_status":"closed","template":"","meta":{"footnotes":""},"class_list":["post-150","page","type-page","status-publish","hentry"],"_links":{"self":[{"href":"https:\/\/coastaway.pl\/index.php\/wp-json\/wp\/v2\/pages\/150","targetHints":{"allow":["GET"]}}],"collection":[{"href":"https:\/\/coastaway.pl\/index.php\/wp-json\/wp\/v2\/pages"}],"about":[{"href":"https:\/\/coastaway.pl\/index.php\/wp-json\/wp\/v2\/types\/page"}],"author":[{"embeddable":true,"href":"https:\/\/coastaway.pl\/index.php\/wp-json\/wp\/v2\/users\/1"}],"replies":[{"embeddable":true,"href":"https:\/\/coastaway.pl\/index.php\/wp-json\/wp\/v2\/comments?post=150"}],"version-history":[{"count":5,"href":"https:\/\/coastaway.pl\/index.php\/wp-json\/wp\/v2\/pages\/150\/revisions"}],"predecessor-version":[{"id":309,"href":"https:\/\/coastaway.pl\/index.php\/wp-json\/wp\/v2\/pages\/150\/revisions\/309"}],"wp:attachment":[{"href":"https:\/\/coastaway.pl\/index.php\/wp-json\/wp\/v2\/media?parent=150"}],"curies":[{"name":"wp","href":"https:\/\/api.w.org\/{rel}","templated":true}]}}