{"id":142,"date":"2025-02-26T07:38:14","date_gmt":"2025-02-26T07:38:14","guid":{"rendered":"https:\/\/coastaway.pl\/?page_id=142"},"modified":"2025-03-14T16:10:24","modified_gmt":"2025-03-14T16:10:24","slug":"grecja","status":"publish","type":"page","link":"https:\/\/coastaway.pl\/index.php\/grecja\/","title":{"rendered":"GRECJA"},"content":{"rendered":"\n<figure class=\"wp-block-image size-large\"><img loading=\"lazy\" decoding=\"async\" width=\"1024\" height=\"740\" src=\"https:\/\/coastaway.pl\/wp-content\/uploads\/2025\/03\/Poros-1024x740.jpg\" alt=\"\" class=\"wp-image-273\" srcset=\"https:\/\/coastaway.pl\/wp-content\/uploads\/2025\/03\/Poros-1024x740.jpg 1024w, https:\/\/coastaway.pl\/wp-content\/uploads\/2025\/03\/Poros-300x217.jpg 300w, https:\/\/coastaway.pl\/wp-content\/uploads\/2025\/03\/Poros-768x555.jpg 768w, https:\/\/coastaway.pl\/wp-content\/uploads\/2025\/03\/Poros-1536x1111.jpg 1536w, https:\/\/coastaway.pl\/wp-content\/uploads\/2025\/03\/Poros.jpg 2000w\" sizes=\"auto, (max-width: 767px) 89vw, (max-width: 1000px) 54vw, (max-width: 1071px) 543px, 580px\" \/><figcaption class=\"wp-element-caption\">Poros<\/figcaption><\/figure>\n\n\n\n<p>Oko\u0142o 70-60 r. p.n.e., podczas sztormu w rejonie zatoki Potamos, zaton\u0105\u0142 wyj\u0105tkowy okr\u0119t handlowy, skrywaj\u0105c przez wieki bezcenne skarby \u2013 rze\u017aby z br\u0105zu i marmuru, klejnoty, ceramik\u0119 oraz tajemniczy artefakt! Pierwsi odkryli go greccy po\u0142awiacze g\u0105bek w 1900 roku, a p\u00f3\u017aniejsze ekspedycje \u2013 zar\u00f3wno w XX, jak i XXI wieku \u2013 wydoby\u0142y z niego liczne przedmioty, w tym s\u0142ynny <strong>Mechanizm z Antykithiry!<\/strong><br>Wrak jest uwa\u017cany za jeden z najcenniejszych znalezisk archeologicznych podwodnego \u015bwiata. Odkryte urz\u0105dzenie, rzuci\u0142o nowe \u015bwiat\u0142o na zaawansowan\u0105 wiedz\u0119 astronomiczn\u0105 i in\u017cynieryjn\u0105 staro\u017cytnych Grek\u00f3w. Mechanizm, cz\u0119sto nazywany pierwszym komputerem w historii, to skomplikowany zestaw k\u00f3\u0142 z\u0119batych i przek\u0142adni, kt\u00f3re umo\u017cliwia\u0142y przewidywanie za\u0107mie\u0144 S\u0142o\u0144ca i Ksi\u0119\u017cyca, okre\u015blanie pozycji planet oraz \u015bledzenie cykli cia\u0142 niebieskich. Mechanizm zbudowany prawdopodobnie mi\u0119dzy 150 a 100 r. p.n.e., \u015bwiadczy o tym , \u017ce staro\u017cytni Grecy posiadali wiedz\u0119 technologiczn\u0105, kt\u00f3r\u0105 historycy do tej pory przypisywali dopiero p\u00f3\u017aniejszym epokom.<br><strong>Mechanizm z Antykithiry<\/strong> przez dziesi\u0119ciolecia pozostawa\u0142 tajemnic\u0105, jest mocno zniszczony, jednak na podstawie ocala\u0142ych fragment\u00f3w badaczom udaj\u0105 si\u0119 coraz dok\u0142adniejsze rekonstrukcje. W 1974 roku Derek J. de Solla Price z Uniwersytetu Yale, po dwudziestu latach bada\u0144, ustali\u0142 \u017ce sk\u0142ada si\u0119 on z 31 k\u00f3\u0142 z\u0119batych co pozwoli\u0142o odgadn\u0105\u0107 jego przeznaczenie. Najnowsza rekonstrukcja, oparta na obrazach uzyskanych dzi\u0119ki tomografii komputerowej, zosta\u0142a przedstawiona w 2006 roku na \u0142amach \u201eNature\u201d przez zesp\u00f3\u0142 naukowc\u00f3w pod kierunkiem Mike\u2019a G. Edmundsa z Uniwersytetu w Cardiff. Badacze odczytali wi\u0119kszo\u015b\u0107 inskrypcji pokrywaj\u0105cych mechanizm \u2013 spo\u015br\u00f3d 2000 znak\u00f3w, kt\u00f3re na nim widnia\u0142y, dotychczas znana by\u0142a jedynie po\u0142owa tre\u015bci, ponadto policzono z\u0119by wszystkich k\u00f3\u0142 z\u0119batych. 9 czerwca 2016 roku grecki zesp\u00f3\u0142 naukowc\u00f3w og\u0142osi\u0142 wyniki kolejnych bada\u0144. Uda\u0142o si\u0119 zidentyfikowa\u0107 82 podzespo\u0142y mechanizmu oraz odczyta\u0107 3400 znak\u00f3w, co niemal ca\u0142kowicie ujawni\u0142o jego zapisy.<br>Bezcenny mechanizm oraz rekonstrukcje b\u0119dziemy mie\u0107 mo\u017cliwo\u015b\u0107 zobaczy\u0107 w Narodowym Muzeum Archeologicznym w Atenach<\/p>\n\n\n\n<figure class=\"wp-block-image size-large\"><img loading=\"lazy\" decoding=\"async\" width=\"1024\" height=\"913\" src=\"https:\/\/coastaway.pl\/wp-content\/uploads\/2025\/03\/NAMA_Machine_dAnticythere_1-1024x913.jpg\" alt=\"\" class=\"wp-image-272\" srcset=\"https:\/\/coastaway.pl\/wp-content\/uploads\/2025\/03\/NAMA_Machine_dAnticythere_1-1024x913.jpg 1024w, https:\/\/coastaway.pl\/wp-content\/uploads\/2025\/03\/NAMA_Machine_dAnticythere_1-300x268.jpg 300w, https:\/\/coastaway.pl\/wp-content\/uploads\/2025\/03\/NAMA_Machine_dAnticythere_1-768x685.jpg 768w, https:\/\/coastaway.pl\/wp-content\/uploads\/2025\/03\/NAMA_Machine_dAnticythere_1.jpg 1036w\" sizes=\"auto, (max-width: 767px) 89vw, (max-width: 1000px) 54vw, (max-width: 1071px) 543px, 580px\" \/><figcaption class=\"wp-element-caption\">Narodowe Muzeum Archeologiczne w Atenach<\/figcaption><\/figure>\n\n\n\n<p><\/p>\n","protected":false},"excerpt":{"rendered":"<p>Oko\u0142o 70-60 r. p.n.e., podczas sztormu w rejonie zatoki Potamos, zaton\u0105\u0142 wyj\u0105tkowy okr\u0119t handlowy, skrywaj\u0105c przez wieki bezcenne skarby \u2013 rze\u017aby z br\u0105zu i marmuru, klejnoty, ceramik\u0119 oraz tajemniczy artefakt! Pierwsi odkryli go greccy po\u0142awiacze g\u0105bek w 1900 roku, a p\u00f3\u017aniejsze ekspedycje \u2013 zar\u00f3wno w XX, jak i XXI wieku \u2013 wydoby\u0142y z niego liczne &hellip; <\/p>\n<p class=\"link-more\"><a href=\"https:\/\/coastaway.pl\/index.php\/grecja\/\" class=\"more-link\">Continue reading<span class=\"screen-reader-text\"> &#8220;GRECJA&#8221;<\/span><\/a><\/p>\n","protected":false},"author":1,"featured_media":0,"parent":0,"menu_order":0,"comment_status":"closed","ping_status":"closed","template":"","meta":{"footnotes":""},"class_list":["post-142","page","type-page","status-publish","hentry"],"_links":{"self":[{"href":"https:\/\/coastaway.pl\/index.php\/wp-json\/wp\/v2\/pages\/142","targetHints":{"allow":["GET"]}}],"collection":[{"href":"https:\/\/coastaway.pl\/index.php\/wp-json\/wp\/v2\/pages"}],"about":[{"href":"https:\/\/coastaway.pl\/index.php\/wp-json\/wp\/v2\/types\/page"}],"author":[{"embeddable":true,"href":"https:\/\/coastaway.pl\/index.php\/wp-json\/wp\/v2\/users\/1"}],"replies":[{"embeddable":true,"href":"https:\/\/coastaway.pl\/index.php\/wp-json\/wp\/v2\/comments?post=142"}],"version-history":[{"count":9,"href":"https:\/\/coastaway.pl\/index.php\/wp-json\/wp\/v2\/pages\/142\/revisions"}],"predecessor-version":[{"id":287,"href":"https:\/\/coastaway.pl\/index.php\/wp-json\/wp\/v2\/pages\/142\/revisions\/287"}],"wp:attachment":[{"href":"https:\/\/coastaway.pl\/index.php\/wp-json\/wp\/v2\/media?parent=142"}],"curies":[{"name":"wp","href":"https:\/\/api.w.org\/{rel}","templated":true}]}}